{"id":536,"date":"2015-11-20T10:20:39","date_gmt":"2015-11-20T09:20:39","guid":{"rendered":"https:\/\/zeezichtappartementzandvoort.nl\/de\/appartement\/"},"modified":"2022-11-30T09:56:12","modified_gmt":"2022-11-30T08:56:12","slug":"appartement","status":"publish","type":"page","link":"https:\/\/zeezichtappartementzandvoort.nl\/de\/appartement\/","title":{"rendered":"Appartement"},"content":{"rendered":"<p><div class=\"fusion-fullwidth fullwidth-box fusion-builder-row-1 fusion-flex-container has-pattern-background has-mask-background nonhundred-percent-fullwidth non-hundred-percent-height-scrolling\" style=\"--awb-border-radius-top-left:0px;--awb-border-radius-top-right:0px;--awb-border-radius-bottom-right:0px;--awb-border-radius-bottom-left:0px;--awb-margin-top:-75px;--awb-margin-bottom:15px;--awb-flex-wrap:wrap;\" ><div class=\"fusion-builder-row fusion-row fusion-flex-align-items-flex-start fusion-flex-content-wrap\" style=\"max-width:1216.8px;margin-left: calc(-4% \/ 2 );margin-right: calc(-4% \/ 2 );\"><div class=\"fusion-layout-column fusion_builder_column fusion-builder-column-0 fusion_builder_column_1_1 1_1 fusion-flex-column\" style=\"--awb-bg-size:cover;--awb-width-large:100%;--awb-margin-top-large:0px;--awb-spacing-right-large:1.92%;--awb-margin-bottom-large:20px;--awb-spacing-left-large:1.92%;--awb-width-medium:100%;--awb-order-medium:0;--awb-spacing-right-medium:1.92%;--awb-spacing-left-medium:1.92%;--awb-width-small:100%;--awb-order-small:0;--awb-spacing-right-small:1.92%;--awb-spacing-left-small:1.92%;\"><div class=\"fusion-column-wrapper fusion-column-has-shadow fusion-flex-justify-content-flex-start fusion-content-layout-column\"><div class=\"fusion-image-element \" style=\"--awb-caption-title-font-family:var(--h2_typography-font-family);--awb-caption-title-font-weight:var(--h2_typography-font-weight);--awb-caption-title-font-style:var(--h2_typography-font-style);--awb-caption-title-size:var(--h2_typography-font-size);--awb-caption-title-transform:var(--h2_typography-text-transform);--awb-caption-title-line-height:var(--h2_typography-line-height);--awb-caption-title-letter-spacing:var(--h2_typography-letter-spacing);\"><span class=\" fusion-imageframe imageframe-none imageframe-1 hover-type-none\"><img decoding=\"async\" width=\"1200\" height=\"471\" title=\"homepage2\" src=\"https:\/\/zeezichtappartementzandvoort.nl\/wp-content\/uploads\/2022\/11\/homepage2.jpeg\" data-orig-src=\"http:\/\/zeezichtappartementzandvoort.nl\/wp-content\/uploads\/2022\/11\/homepage2.jpeg\" alt class=\"lazyload img-responsive wp-image-2077\" srcset=\"data:image\/svg+xml,%3Csvg%20xmlns%3D%27http%3A%2F%2Fwww.w3.org%2F2000%2Fsvg%27%20width%3D%271200%27%20height%3D%27471%27%20viewBox%3D%270%200%201200%20471%27%3E%3Crect%20width%3D%271200%27%20height%3D%27471%27%20fill-opacity%3D%220%22%2F%3E%3C%2Fsvg%3E\" data-srcset=\"https:\/\/zeezichtappartementzandvoort.nl\/wp-content\/uploads\/2022\/11\/homepage2-200x79.jpeg 200w, https:\/\/zeezichtappartementzandvoort.nl\/wp-content\/uploads\/2022\/11\/homepage2-400x157.jpeg 400w, https:\/\/zeezichtappartementzandvoort.nl\/wp-content\/uploads\/2022\/11\/homepage2-600x236.jpeg 600w, https:\/\/zeezichtappartementzandvoort.nl\/wp-content\/uploads\/2022\/11\/homepage2-800x314.jpeg 800w, https:\/\/zeezichtappartementzandvoort.nl\/wp-content\/uploads\/2022\/11\/homepage2.jpeg 1200w\" data-sizes=\"auto\" data-orig-sizes=\"(max-width: 1024px) 100vw, (max-width: 640px) 100vw, 1200px\" \/><\/span><\/div><\/div><\/div><\/div><\/div><div class=\"fusion-fullwidth fullwidth-box fusion-builder-row-2 fusion-flex-container has-pattern-background has-mask-background nonhundred-percent-fullwidth non-hundred-percent-height-scrolling\" style=\"--awb-border-radius-top-left:0px;--awb-border-radius-top-right:0px;--awb-border-radius-bottom-right:0px;--awb-border-radius-bottom-left:0px;--awb-flex-wrap:wrap;\" ><div class=\"fusion-builder-row fusion-row fusion-flex-align-items-flex-start fusion-flex-content-wrap\" style=\"max-width:calc( 1170px + 0px );margin-left: calc(-0px \/ 2 );margin-right: calc(-0px \/ 2 );\"><div class=\"fusion-layout-column fusion_builder_column fusion-builder-column-1 fusion_builder_column_1_1 1_1 fusion-flex-column\" style=\"--awb-padding-right:80px;--awb-bg-position:right bottom;--awb-bg-blend:overlay;--awb-bg-size:cover;--awb-width-large:100%;--awb-margin-top-large:0px;--awb-spacing-right-large:0px;--awb-margin-bottom-large:20px;--awb-spacing-left-large:0px;--awb-width-medium:100%;--awb-spacing-right-medium:0px;--awb-margin-bottom-medium:0px;--awb-spacing-left-medium:0px;--awb-width-small:100%;--awb-spacing-right-small:0px;--awb-spacing-left-small:0px;\"><div class=\"fusion-column-wrapper fusion-flex-justify-content-flex-start fusion-content-layout-column\"><div class=\"fusion-title title fusion-title-1 fusion-title-text fusion-title-size-two\" style=\"--awb-margin-bottom:0px;--awb-margin-bottom-small:0px;--awb-margin-bottom-medium:0px;--awb-font-size:var(--awb-typography2-font-size);\"><div class=\"title-sep-container title-sep-container-left fusion-no-large-visibility fusion-no-medium-visibility fusion-no-small-visibility\"><div class=\"title-sep sep- sep-solid\" style=\"border-color:var(--awb-color3);\"><\/div><\/div><span class=\"awb-title-spacer fusion-no-large-visibility fusion-no-medium-visibility fusion-no-small-visibility\"><\/span><h2 class=\"fusion-title-heading title-heading-left fusion-responsive-typography-calculated\" style=\"font-family:var(--awb-typography2-font-family);font-weight:var(--awb-typography2-font-weight);font-style:var(--awb-typography2-font-style);margin:0;letter-spacing:var(--awb-typography2-letter-spacing);text-transform:var(--awb-typography2-text-transform);font-size:1em;--fontSize:13;--minFontSize:13;line-height:var(--awb-typography2-line-height);\">STRANDAPPARTEMENT ZANDVOORT<\/h2><span class=\"awb-title-spacer\"><\/span><div class=\"title-sep-container title-sep-container-right\"><div class=\"title-sep sep- sep-solid\" style=\"border-color:var(--awb-color3);\"><\/div><\/div><\/div><div class=\"fusion-title title fusion-title-2 fusion-title-text fusion-title-size-four\" style=\"--awb-margin-bottom-small:15px;--awb-font-size:36px;\"><div class=\"title-sep-container title-sep-container-left fusion-no-large-visibility fusion-no-medium-visibility fusion-no-small-visibility\"><div class=\"title-sep sep- sep-solid\" style=\"border-color:var(--awb-color3);\"><\/div><\/div><span class=\"awb-title-spacer fusion-no-large-visibility fusion-no-medium-visibility fusion-no-small-visibility\"><\/span><h4 class=\"fusion-title-heading title-heading-left fusion-responsive-typography-calculated\" style=\"margin:0;font-size:1em;--fontSize:36;line-height:2;\">Wohnungsbeschreibung<\/h4><span class=\"awb-title-spacer\"><\/span><div class=\"title-sep-container title-sep-container-right\"><div class=\"title-sep sep- sep-solid\" style=\"border-color:var(--awb-color3);\"><\/div><\/div><\/div><div class=\"fusion-text fusion-text-1\"><p>\u00dcber den kundenfreundlichen Empfang im Palace Hotel, wo unsere Zwei-Zimmer-Wohnung sich im vierten Stock befindet, k\u00f6nnen Sie, mit dem Aufzug, die Wohnung erreichen.<br \/>\nDer Eingangsflur, bietet Zugang zur der praktischen K\u00fcche, die Toilette und das ger\u00e4umige und helle Wohnzimmer. Beim Betreten vom Wohnzimmer bekommen Sie direkt einen atemberaubenden freien Meeres- und Strandblick!<br \/>\nVom Wohnzimmer aus k\u00f6nnen Sie den Balkon nach Westen betreten. Hier k\u00f6nnen Sie den ganzen Nachmittag bis Abend den Sonnenuntergang genie\u00dfen.<br \/>\nDas Schlafzimmer, ebenfalls durch das Wohnzimmer erreichbar, beinhaltet einen Einbaukleiderschrank. Auch vom Schlafzimmer haben Sie eine wundersch\u00f6ne Aussicht. Das moderne Badezimmer verf\u00fcgt \u00fcber eine Dusche und separaten Waschbecken. Die Wohnung ist geeignet bis zwei Personen.<\/p>\n<\/div><div class=\"fusion-separator\" style=\"align-self: flex-start;margin-right:auto;margin-top:0px;margin-bottom:20px;width:100%;max-width:50px;\"><div class=\"fusion-separator-border sep-single sep-solid\" style=\"--awb-height:20px;--awb-amount:20px;--awb-sep-color:var(--awb-color4);border-color:var(--awb-color4);border-top-width:1px;\"><\/div><\/div><div class=\"fusion-title title fusion-title-3 fusion-title-text fusion-title-size-four\" style=\"--awb-margin-bottom-small:15px;--awb-font-size:36px;\"><div class=\"title-sep-container title-sep-container-left fusion-no-large-visibility fusion-no-medium-visibility fusion-no-small-visibility\"><div class=\"title-sep sep- sep-solid\" style=\"border-color:var(--awb-color3);\"><\/div><\/div><span class=\"awb-title-spacer fusion-no-large-visibility fusion-no-medium-visibility fusion-no-small-visibility\"><\/span><h4 class=\"fusion-title-heading title-heading-left fusion-responsive-typography-calculated\" style=\"margin:0;font-size:1em;--fontSize:36;line-height:2;\">Ausstattung und Funktionen<\/h4><span class=\"awb-title-spacer\"><\/span><div class=\"title-sep-container title-sep-container-right\"><div class=\"title-sep sep- sep-solid\" style=\"border-color:var(--awb-color3);\"><\/div><\/div><\/div><div class=\"fusion-tabs fusion-tabs-1 classic nav-not-justified horizontal-tabs icon-position-left mobile-mode-accordion\" style=\"--awb-title-border-radius-top-left:0px;--awb-title-border-radius-top-right:0px;--awb-title-border-radius-bottom-right:0px;--awb-title-border-radius-bottom-left:0px;--awb-title-font-size:16px;--awb-alignment:start;--awb-inactive-color:var(--awb-color2);--awb-background-color:var(--awb-color1);--awb-border-color:var(--awb-color3);--awb-active-border-color:var(--awb-color4);--awb-title-font-family:&quot;Questrial&quot;;--awb-title-font-style:normal;--awb-title-font-weight:400;\"><div class=\"nav\"><ul class=\"nav-tabs\" role=\"tablist\"><li class=\"active\" role=\"presentation\"><a class=\"tab-link\" data-toggle=\"tab\" role=\"tab\" aria-controls=\"tab-f49ff98c161e7af7ee4\" aria-selected=\"true\" id=\"fusion-tab-k\u00fcche\" href=\"#tab-f49ff98c161e7af7ee4\"><h4 class=\"fusion-tab-heading\">K\u00fcche<\/h4><\/a><\/li><li role=\"presentation\"><a class=\"tab-link\" data-toggle=\"tab\" role=\"tab\" aria-controls=\"tab-1a58788ba950aab4915\" aria-selected=\"false\" tabindex=\"-1\" id=\"fusion-tab-wohnzimmer\" href=\"#tab-1a58788ba950aab4915\"><h4 class=\"fusion-tab-heading\">Wohnzimmer<\/h4><\/a><\/li><li role=\"presentation\"><a class=\"tab-link\" data-toggle=\"tab\" role=\"tab\" aria-controls=\"tab-064881f463568d28324\" aria-selected=\"false\" tabindex=\"-1\" id=\"fusion-tab-schlafzimmer\" href=\"#tab-064881f463568d28324\"><h4 class=\"fusion-tab-heading\">Schlafzimmer<\/h4><\/a><\/li><li role=\"presentation\"><a class=\"tab-link\" data-toggle=\"tab\" role=\"tab\" aria-controls=\"tab-b1e1ab905fea5ebed33\" aria-selected=\"false\" tabindex=\"-1\" id=\"fusion-tab-badezimmer\" href=\"#tab-b1e1ab905fea5ebed33\"><h4 class=\"fusion-tab-heading\">Badezimmer<\/h4><\/a><\/li><li role=\"presentation\"><a class=\"tab-link\" data-toggle=\"tab\" role=\"tab\" aria-controls=\"tab-f3e1ef0d2b839ef5ba4\" aria-selected=\"false\" tabindex=\"-1\" id=\"fusion-tab-balkon\" href=\"#tab-f3e1ef0d2b839ef5ba4\"><h4 class=\"fusion-tab-heading\">Balkon<\/h4><\/a><\/li><li role=\"presentation\"><a class=\"tab-link\" data-toggle=\"tab\" role=\"tab\" aria-controls=\"tab-e67f25f59f15f8f9c33\" aria-selected=\"false\" tabindex=\"-1\" id=\"fusion-tab-parken\" href=\"#tab-e67f25f59f15f8f9c33\"><h4 class=\"fusion-tab-heading\">Parken<\/h4><\/a><\/li><li role=\"presentation\"><a class=\"tab-link\" data-toggle=\"tab\" role=\"tab\" aria-controls=\"tab-d572f3621b0305b01c7\" aria-selected=\"false\" tabindex=\"-1\" id=\"fusion-tab-internet\" href=\"#tab-d572f3621b0305b01c7\"><h4 class=\"fusion-tab-heading\">Internet<\/h4><\/a><\/li><li role=\"presentation\"><a class=\"tab-link\" data-toggle=\"tab\" role=\"tab\" aria-controls=\"tab-3dff00ee53a3df97e81\" aria-selected=\"false\" tabindex=\"-1\" id=\"fusion-tab-endreinigung\" href=\"#tab-3dff00ee53a3df97e81\"><h4 class=\"fusion-tab-heading\">Endreinigung<\/h4><\/a><\/li><li role=\"presentation\"><a class=\"tab-link\" data-toggle=\"tab\" role=\"tab\" aria-controls=\"tab-95cfbdd66c05757d4a5\" aria-selected=\"false\" tabindex=\"-1\" id=\"fusion-tab-weiter\" href=\"#tab-95cfbdd66c05757d4a5\"><h4 class=\"fusion-tab-heading\">Weiter<\/h4><\/a><\/li><\/ul><\/div><div class=\"tab-content\"><div class=\"nav fusion-mobile-tab-nav\"><ul class=\"nav-tabs\" role=\"tablist\"><li class=\"active\" role=\"presentation\"><a class=\"tab-link\" data-toggle=\"tab\" role=\"tab\" aria-controls=\"tab-f49ff98c161e7af7ee4\" aria-selected=\"true\" id=\"mobile-fusion-tab-k\u00fcche\" href=\"#tab-f49ff98c161e7af7ee4\"><h4 class=\"fusion-tab-heading\">K\u00fcche<\/h4><\/a><\/li><\/ul><\/div><div class=\"tab-pane fade fusion-clearfix in active\" role=\"tabpanel\" tabindex=\"0\" aria-labelledby=\"fusion-tab-k\u00fcche\" id=\"tab-f49ff98c161e7af7ee4\">\n<p>\u2022 Geschirrsp\u00fcler<br \/>\n\u2022 K\u00fchlschrank<br \/>\n\u2022 2-Platten Keramik Kochfeld<br \/>\n\u2022 Mikrowelle<br \/>\n\u2022 Nespresso Kaffeemaschine<br \/>\n\u2022 Wasserkocher<br \/>\n\u2022 Komplettes K\u00fccheninventar<\/p>\n<\/div><div class=\"nav fusion-mobile-tab-nav\"><ul class=\"nav-tabs\" role=\"tablist\"><li role=\"presentation\"><a class=\"tab-link\" data-toggle=\"tab\" role=\"tab\" aria-controls=\"tab-1a58788ba950aab4915\" aria-selected=\"false\" tabindex=\"-1\" id=\"mobile-fusion-tab-wohnzimmer\" href=\"#tab-1a58788ba950aab4915\"><h4 class=\"fusion-tab-heading\">Wohnzimmer<\/h4><\/a><\/li><\/ul><\/div><div class=\"tab-pane fade fusion-clearfix\" role=\"tabpanel\" tabindex=\"0\" aria-labelledby=\"fusion-tab-wohnzimmer\" id=\"tab-1a58788ba950aab4915\">\n<p>\u2022 Flachbildfernseher<br \/>\n\u2022 Moderne Essecke<br \/>\n\u2022 Couch<br \/>\n\u2022 Radio\/CD-Spieler<\/p>\n<\/div><div class=\"nav fusion-mobile-tab-nav\"><ul class=\"nav-tabs\" role=\"tablist\"><li role=\"presentation\"><a class=\"tab-link\" data-toggle=\"tab\" role=\"tab\" aria-controls=\"tab-064881f463568d28324\" aria-selected=\"false\" tabindex=\"-1\" id=\"mobile-fusion-tab-schlafzimmer\" href=\"#tab-064881f463568d28324\"><h4 class=\"fusion-tab-heading\">Schlafzimmer<\/h4><\/a><\/li><\/ul><\/div><div class=\"tab-pane fade fusion-clearfix\" role=\"tabpanel\" tabindex=\"0\" aria-labelledby=\"fusion-tab-schlafzimmer\" id=\"tab-064881f463568d28324\">\n<p>\u2022 Doppelbett \u2013 (bestehend aus 2 Einzelbetten von 90 x 200 cm)<br \/>\n\u2022 Einbauschrank<br \/>\n\u2022 2 St\u00fchle<\/p>\n<\/div><div class=\"nav fusion-mobile-tab-nav\"><ul class=\"nav-tabs\" role=\"tablist\"><li role=\"presentation\"><a class=\"tab-link\" data-toggle=\"tab\" role=\"tab\" aria-controls=\"tab-b1e1ab905fea5ebed33\" aria-selected=\"false\" tabindex=\"-1\" id=\"mobile-fusion-tab-badezimmer\" href=\"#tab-b1e1ab905fea5ebed33\"><h4 class=\"fusion-tab-heading\">Badezimmer<\/h4><\/a><\/li><\/ul><\/div><div class=\"tab-pane fade fusion-clearfix\" role=\"tabpanel\" tabindex=\"0\" aria-labelledby=\"fusion-tab-badezimmer\" id=\"tab-b1e1ab905fea5ebed33\">\n<p>\u2022 Dusche<br \/>\n\u2022 Waschbecken<br \/>\n\u2022 F\u00f6hn<\/p>\n<\/div><div class=\"nav fusion-mobile-tab-nav\"><ul class=\"nav-tabs\" role=\"tablist\"><li role=\"presentation\"><a class=\"tab-link\" data-toggle=\"tab\" role=\"tab\" aria-controls=\"tab-f3e1ef0d2b839ef5ba4\" aria-selected=\"false\" tabindex=\"-1\" id=\"mobile-fusion-tab-balkon\" href=\"#tab-f3e1ef0d2b839ef5ba4\"><h4 class=\"fusion-tab-heading\">Balkon<\/h4><\/a><\/li><\/ul><\/div><div class=\"tab-pane fade fusion-clearfix\" role=\"tabpanel\" tabindex=\"0\" aria-labelledby=\"fusion-tab-balkon\" id=\"tab-f3e1ef0d2b839ef5ba4\">\n<p>\u2022 3 St\u00fchle<br \/>\n\u2022 Beistellbank\/-Tisch<\/p>\n<\/div><div class=\"nav fusion-mobile-tab-nav\"><ul class=\"nav-tabs\" role=\"tablist\"><li role=\"presentation\"><a class=\"tab-link\" data-toggle=\"tab\" role=\"tab\" aria-controls=\"tab-e67f25f59f15f8f9c33\" aria-selected=\"false\" tabindex=\"-1\" id=\"mobile-fusion-tab-parken\" href=\"#tab-e67f25f59f15f8f9c33\"><h4 class=\"fusion-tab-heading\">Parken<\/h4><\/a><\/li><\/ul><\/div><div class=\"tab-pane fade fusion-clearfix\" role=\"tabpanel\" tabindex=\"0\" aria-labelledby=\"fusion-tab-parken\" id=\"tab-e67f25f59f15f8f9c33\">\n<p>\u2022 Kostenlos, 1 Parkplatz am Palace Hotel (\u00dcberwachtes Gel\u00e4nde)<\/p>\n<\/div><div class=\"nav fusion-mobile-tab-nav\"><ul class=\"nav-tabs\" role=\"tablist\"><li role=\"presentation\"><a class=\"tab-link\" data-toggle=\"tab\" role=\"tab\" aria-controls=\"tab-d572f3621b0305b01c7\" aria-selected=\"false\" tabindex=\"-1\" id=\"mobile-fusion-tab-internet\" href=\"#tab-d572f3621b0305b01c7\"><h4 class=\"fusion-tab-heading\">Internet<\/h4><\/a><\/li><\/ul><\/div><div class=\"tab-pane fade fusion-clearfix\" role=\"tabpanel\" tabindex=\"0\" aria-labelledby=\"fusion-tab-internet\" id=\"tab-d572f3621b0305b01c7\">\n<p>\u2022 Es steht kostenloses WIFI zur Verf\u00fcgung<\/p>\n<\/div><div class=\"nav fusion-mobile-tab-nav\"><ul class=\"nav-tabs\" role=\"tablist\"><li role=\"presentation\"><a class=\"tab-link\" data-toggle=\"tab\" role=\"tab\" aria-controls=\"tab-3dff00ee53a3df97e81\" aria-selected=\"false\" tabindex=\"-1\" id=\"mobile-fusion-tab-endreinigung\" href=\"#tab-3dff00ee53a3df97e81\"><h4 class=\"fusion-tab-heading\">Endreinigung<\/h4><\/a><\/li><\/ul><\/div><div class=\"tab-pane fade fusion-clearfix\" role=\"tabpanel\" tabindex=\"0\" aria-labelledby=\"fusion-tab-endreinigung\" id=\"tab-3dff00ee53a3df97e81\">\n<p>\u2022 Der Mietpreis ist inklusive Endreinigung (\u20ac60,00)<\/p>\n<\/div><div class=\"nav fusion-mobile-tab-nav\"><ul class=\"nav-tabs\" role=\"tablist\"><li role=\"presentation\"><a class=\"tab-link\" data-toggle=\"tab\" role=\"tab\" aria-controls=\"tab-95cfbdd66c05757d4a5\" aria-selected=\"false\" tabindex=\"-1\" id=\"mobile-fusion-tab-weiter\" href=\"#tab-95cfbdd66c05757d4a5\"><h4 class=\"fusion-tab-heading\">Weiter<\/h4><\/a><\/li><\/ul><\/div><div class=\"tab-pane fade fusion-clearfix\" role=\"tabpanel\" tabindex=\"0\" aria-labelledby=\"fusion-tab-weiter\" id=\"tab-95cfbdd66c05757d4a5\">\n<p>\u2022 Die Wohnung ist nicht f\u00fcr Rollstuhlfahrer geeignet<br \/>\n\u2022 Rauchen ist nicht gestattet<br \/>\n\u2022 Der Komplex hat 3 Fahrst\u00fchle<br \/>\n\u2022 Keine Haustiere gestattet<br \/>\n\u2022 Die Wohnung ist eingerichtet mit einer Feuerwarneinrichtung<br \/>\n\u2022 Das Geb\u00e4ude wird 24\/7 (rund um die Uhr) \u00fcberwacht<br \/>\n\u2022 Es gibt 2 Restaurants (Fr\u00fchst\u00fcck und Abendessen) in dem Palace Hotel<\/p>\n<\/div><\/div><\/div><\/div><\/div><\/div><\/div><div class=\"fusion-fullwidth fullwidth-box fusion-builder-row-3 fusion-flex-container nonhundred-percent-fullwidth non-hundred-percent-height-scrolling\" style=\"--awb-border-radius-top-left:0px;--awb-border-radius-top-right:0px;--awb-border-radius-bottom-right:0px;--awb-border-radius-bottom-left:0px;--awb-flex-wrap:wrap;\" ><div class=\"fusion-builder-row fusion-row fusion-flex-align-items-flex-start fusion-flex-content-wrap\" style=\"max-width:1216.8px;margin-left: calc(-4% \/ 2 );margin-right: calc(-4% \/ 2 );\"><div class=\"fusion-layout-column fusion_builder_column fusion-builder-column-2 fusion_builder_column_1_1 1_1 fusion-flex-column\" style=\"--awb-bg-size:cover;--awb-width-large:100%;--awb-margin-top-large:0px;--awb-spacing-right-large:1.92%;--awb-margin-bottom-large:0px;--awb-spacing-left-large:1.92%;--awb-width-medium:100%;--awb-spacing-right-medium:1.92%;--awb-spacing-left-medium:1.92%;--awb-width-small:100%;--awb-spacing-right-small:1.92%;--awb-spacing-left-small:1.92%;\"><div class=\"fusion-column-wrapper fusion-flex-justify-content-flex-start fusion-content-layout-column\"><\/div><\/div><\/div><\/div><\/p>\n","protected":false},"excerpt":{"rendered":"","protected":false},"author":1,"featured_media":0,"parent":0,"menu_order":0,"comment_status":"closed","ping_status":"closed","template":"","meta":{"footnotes":""},"class_list":["post-536","page","type-page","status-publish","hentry"],"yoast_head":"<!-- This site is optimized with the Yoast SEO plugin v27.3 - https:\/\/yoast.com\/product\/yoast-seo-wordpress\/ -->\n<title>Appartement - Zeezicht Appartement Zandvoort<\/title>\n<meta name=\"robots\" content=\"index, follow, max-snippet:-1, max-image-preview:large, max-video-preview:-1\" \/>\n<link rel=\"canonical\" href=\"https:\/\/zeezichtappartementzandvoort.nl\/de\/appartement\/\" \/>\n<meta property=\"og:locale\" content=\"de_DE\" \/>\n<meta property=\"og:type\" content=\"article\" \/>\n<meta property=\"og:title\" content=\"Appartement - Zeezicht Appartement Zandvoort\" \/>\n<meta property=\"og:url\" content=\"https:\/\/zeezichtappartementzandvoort.nl\/de\/appartement\/\" \/>\n<meta property=\"og:site_name\" content=\"Zeezicht Appartement Zandvoort\" \/>\n<meta property=\"article:modified_time\" content=\"2022-11-30T08:56:12+00:00\" \/>\n<meta name=\"twitter:card\" content=\"summary_large_image\" \/>\n<meta name=\"twitter:label1\" content=\"Gesch\u00e4tzte Lesezeit\" \/>\n\t<meta name=\"twitter:data1\" content=\"14\u00a0Minuten\" \/>\n<script type=\"application\/ld+json\" class=\"yoast-schema-graph\">{\"@context\":\"https:\\\/\\\/schema.org\",\"@graph\":[{\"@type\":\"WebPage\",\"@id\":\"https:\\\/\\\/zeezichtappartementzandvoort.nl\\\/de\\\/appartement\\\/\",\"url\":\"https:\\\/\\\/zeezichtappartementzandvoort.nl\\\/de\\\/appartement\\\/\",\"name\":\"Appartement - Zeezicht Appartement Zandvoort\",\"isPartOf\":{\"@id\":\"https:\\\/\\\/zeezichtappartementzandvoort.nl\\\/#website\"},\"datePublished\":\"2015-11-20T09:20:39+00:00\",\"dateModified\":\"2022-11-30T08:56:12+00:00\",\"breadcrumb\":{\"@id\":\"https:\\\/\\\/zeezichtappartementzandvoort.nl\\\/de\\\/appartement\\\/#breadcrumb\"},\"inLanguage\":\"de\",\"potentialAction\":[{\"@type\":\"ReadAction\",\"target\":[\"https:\\\/\\\/zeezichtappartementzandvoort.nl\\\/de\\\/appartement\\\/\"]}]},{\"@type\":\"BreadcrumbList\",\"@id\":\"https:\\\/\\\/zeezichtappartementzandvoort.nl\\\/de\\\/appartement\\\/#breadcrumb\",\"itemListElement\":[{\"@type\":\"ListItem\",\"position\":1,\"name\":\"Home\",\"item\":\"https:\\\/\\\/zeezichtappartementzandvoort.nl\\\/\"},{\"@type\":\"ListItem\",\"position\":2,\"name\":\"Appartement\"}]},{\"@type\":\"WebSite\",\"@id\":\"https:\\\/\\\/zeezichtappartementzandvoort.nl\\\/#website\",\"url\":\"https:\\\/\\\/zeezichtappartementzandvoort.nl\\\/\",\"name\":\"Zeezicht Appartement Zandvoort\",\"description\":\"\",\"potentialAction\":[{\"@type\":\"SearchAction\",\"target\":{\"@type\":\"EntryPoint\",\"urlTemplate\":\"https:\\\/\\\/zeezichtappartementzandvoort.nl\\\/?s={search_term_string}\"},\"query-input\":{\"@type\":\"PropertyValueSpecification\",\"valueRequired\":true,\"valueName\":\"search_term_string\"}}],\"inLanguage\":\"de\"}]}<\/script>\n<!-- \/ Yoast SEO plugin. -->","yoast_head_json":{"title":"Appartement - Zeezicht Appartement Zandvoort","robots":{"index":"index","follow":"follow","max-snippet":"max-snippet:-1","max-image-preview":"max-image-preview:large","max-video-preview":"max-video-preview:-1"},"canonical":"https:\/\/zeezichtappartementzandvoort.nl\/de\/appartement\/","og_locale":"de_DE","og_type":"article","og_title":"Appartement - Zeezicht Appartement Zandvoort","og_url":"https:\/\/zeezichtappartementzandvoort.nl\/de\/appartement\/","og_site_name":"Zeezicht Appartement Zandvoort","article_modified_time":"2022-11-30T08:56:12+00:00","twitter_card":"summary_large_image","twitter_misc":{"Gesch\u00e4tzte Lesezeit":"14\u00a0Minuten"},"schema":{"@context":"https:\/\/schema.org","@graph":[{"@type":"WebPage","@id":"https:\/\/zeezichtappartementzandvoort.nl\/de\/appartement\/","url":"https:\/\/zeezichtappartementzandvoort.nl\/de\/appartement\/","name":"Appartement - Zeezicht Appartement Zandvoort","isPartOf":{"@id":"https:\/\/zeezichtappartementzandvoort.nl\/#website"},"datePublished":"2015-11-20T09:20:39+00:00","dateModified":"2022-11-30T08:56:12+00:00","breadcrumb":{"@id":"https:\/\/zeezichtappartementzandvoort.nl\/de\/appartement\/#breadcrumb"},"inLanguage":"de","potentialAction":[{"@type":"ReadAction","target":["https:\/\/zeezichtappartementzandvoort.nl\/de\/appartement\/"]}]},{"@type":"BreadcrumbList","@id":"https:\/\/zeezichtappartementzandvoort.nl\/de\/appartement\/#breadcrumb","itemListElement":[{"@type":"ListItem","position":1,"name":"Home","item":"https:\/\/zeezichtappartementzandvoort.nl\/"},{"@type":"ListItem","position":2,"name":"Appartement"}]},{"@type":"WebSite","@id":"https:\/\/zeezichtappartementzandvoort.nl\/#website","url":"https:\/\/zeezichtappartementzandvoort.nl\/","name":"Zeezicht Appartement Zandvoort","description":"","potentialAction":[{"@type":"SearchAction","target":{"@type":"EntryPoint","urlTemplate":"https:\/\/zeezichtappartementzandvoort.nl\/?s={search_term_string}"},"query-input":{"@type":"PropertyValueSpecification","valueRequired":true,"valueName":"search_term_string"}}],"inLanguage":"de"}]}},"_links":{"self":[{"href":"https:\/\/zeezichtappartementzandvoort.nl\/de\/wp-json\/wp\/v2\/pages\/536","targetHints":{"allow":["GET"]}}],"collection":[{"href":"https:\/\/zeezichtappartementzandvoort.nl\/de\/wp-json\/wp\/v2\/pages"}],"about":[{"href":"https:\/\/zeezichtappartementzandvoort.nl\/de\/wp-json\/wp\/v2\/types\/page"}],"author":[{"embeddable":true,"href":"https:\/\/zeezichtappartementzandvoort.nl\/de\/wp-json\/wp\/v2\/users\/1"}],"replies":[{"embeddable":true,"href":"https:\/\/zeezichtappartementzandvoort.nl\/de\/wp-json\/wp\/v2\/comments?post=536"}],"version-history":[{"count":12,"href":"https:\/\/zeezichtappartementzandvoort.nl\/de\/wp-json\/wp\/v2\/pages\/536\/revisions"}],"predecessor-version":[{"id":2240,"href":"https:\/\/zeezichtappartementzandvoort.nl\/de\/wp-json\/wp\/v2\/pages\/536\/revisions\/2240"}],"wp:attachment":[{"href":"https:\/\/zeezichtappartementzandvoort.nl\/de\/wp-json\/wp\/v2\/media?parent=536"}],"curies":[{"name":"wp","href":"https:\/\/api.w.org\/{rel}","templated":true}]}}