{"id":527,"date":"2013-06-27T11:46:08","date_gmt":"2013-06-27T11:46:08","guid":{"rendered":"https:\/\/zeezichtappartementzandvoort.nl\/de\/omgeving\/"},"modified":"2022-11-30T10:47:05","modified_gmt":"2022-11-30T09:47:05","slug":"umgebung","status":"publish","type":"page","link":"https:\/\/zeezichtappartementzandvoort.nl\/de\/umgebung\/","title":{"rendered":"Umgebung"},"content":{"rendered":"<p><div class=\"fusion-fullwidth fullwidth-box fusion-builder-row-1 fusion-flex-container has-pattern-background has-mask-background nonhundred-percent-fullwidth non-hundred-percent-height-scrolling\" style=\"--awb-border-radius-top-left:0px;--awb-border-radius-top-right:0px;--awb-border-radius-bottom-right:0px;--awb-border-radius-bottom-left:0px;--awb-margin-top:-75px;--awb-flex-wrap:wrap;\" ><div class=\"fusion-builder-row fusion-row fusion-flex-align-items-flex-start fusion-flex-content-wrap\" style=\"max-width:1216.8px;margin-left: calc(-4% \/ 2 );margin-right: calc(-4% \/ 2 );\"><div class=\"fusion-layout-column fusion_builder_column fusion-builder-column-0 fusion_builder_column_1_1 1_1 fusion-flex-column\" style=\"--awb-bg-size:cover;--awb-width-large:100%;--awb-margin-top-large:0px;--awb-spacing-right-large:1.92%;--awb-margin-bottom-large:20px;--awb-spacing-left-large:1.92%;--awb-width-medium:100%;--awb-order-medium:0;--awb-spacing-right-medium:1.92%;--awb-spacing-left-medium:1.92%;--awb-width-small:100%;--awb-order-small:0;--awb-spacing-right-small:1.92%;--awb-spacing-left-small:1.92%;\"><div class=\"fusion-column-wrapper fusion-column-has-shadow fusion-flex-justify-content-flex-start fusion-content-layout-column\"><div class=\"fusion-image-element \" style=\"--awb-caption-title-font-family:var(--h2_typography-font-family);--awb-caption-title-font-weight:var(--h2_typography-font-weight);--awb-caption-title-font-style:var(--h2_typography-font-style);--awb-caption-title-size:var(--h2_typography-font-size);--awb-caption-title-transform:var(--h2_typography-text-transform);--awb-caption-title-line-height:var(--h2_typography-line-height);--awb-caption-title-letter-spacing:var(--h2_typography-letter-spacing);\"><span class=\" fusion-imageframe imageframe-none imageframe-1 hover-type-none\"><img decoding=\"async\" width=\"1200\" height=\"471\" title=\"homepage2\" src=\"https:\/\/zeezichtappartementzandvoort.nl\/wp-content\/uploads\/2022\/11\/homepage2.jpeg\" data-orig-src=\"http:\/\/zeezichtappartementzandvoort.nl\/wp-content\/uploads\/2022\/11\/homepage2.jpeg\" alt class=\"lazyload img-responsive wp-image-2077\" srcset=\"data:image\/svg+xml,%3Csvg%20xmlns%3D%27http%3A%2F%2Fwww.w3.org%2F2000%2Fsvg%27%20width%3D%271200%27%20height%3D%27471%27%20viewBox%3D%270%200%201200%20471%27%3E%3Crect%20width%3D%271200%27%20height%3D%27471%27%20fill-opacity%3D%220%22%2F%3E%3C%2Fsvg%3E\" data-srcset=\"https:\/\/zeezichtappartementzandvoort.nl\/wp-content\/uploads\/2022\/11\/homepage2-200x79.jpeg 200w, https:\/\/zeezichtappartementzandvoort.nl\/wp-content\/uploads\/2022\/11\/homepage2-400x157.jpeg 400w, https:\/\/zeezichtappartementzandvoort.nl\/wp-content\/uploads\/2022\/11\/homepage2-600x236.jpeg 600w, https:\/\/zeezichtappartementzandvoort.nl\/wp-content\/uploads\/2022\/11\/homepage2-800x314.jpeg 800w, https:\/\/zeezichtappartementzandvoort.nl\/wp-content\/uploads\/2022\/11\/homepage2.jpeg 1200w\" data-sizes=\"auto\" data-orig-sizes=\"(max-width: 1024px) 100vw, (max-width: 640px) 100vw, 1200px\" \/><\/span><\/div><\/div><\/div><\/div><\/div><div class=\"fusion-fullwidth fullwidth-box fusion-builder-row-2 fusion-flex-container nonhundred-percent-fullwidth non-hundred-percent-height-scrolling\" style=\"--awb-border-radius-top-left:0px;--awb-border-radius-top-right:0px;--awb-border-radius-bottom-right:0px;--awb-border-radius-bottom-left:0px;--awb-flex-wrap:wrap;\" ><div class=\"fusion-builder-row fusion-row fusion-flex-align-items-flex-start fusion-flex-content-wrap\" style=\"max-width:1216.8px;margin-left: calc(-4% \/ 2 );margin-right: calc(-4% \/ 2 );\"><div class=\"fusion-layout-column fusion_builder_column fusion-builder-column-1 fusion_builder_column_1_1 1_1 fusion-flex-column\" style=\"--awb-bg-size:cover;--awb-width-large:100%;--awb-margin-top-large:0px;--awb-spacing-right-large:1.92%;--awb-margin-bottom-large:0px;--awb-spacing-left-large:1.92%;--awb-width-medium:100%;--awb-spacing-right-medium:1.92%;--awb-spacing-left-medium:1.92%;--awb-width-small:100%;--awb-spacing-right-small:1.92%;--awb-spacing-left-small:1.92%;\"><div class=\"fusion-column-wrapper fusion-flex-justify-content-flex-start fusion-content-layout-column\"><div class=\"fusion-text fusion-text-1\"><p>Die Ferien-Wohnung befindet sich im K\u00fcsten- und Badeort Zandvoort.<br \/>\nAu\u00dfer der sch\u00f6nen D\u00fcnenlandschaft und weiten Str\u00e4nden, gibt es viele Aktivit\u00e4tsm\u00f6glichkeiten zu genie\u00dfen. Es gibt viele verschiedene Gesch\u00e4fte (die sieben Tage die Woche ge\u00f6ffnet sind!), Restaurants und f\u00fcr Surf-Liebhaber eine Reihe von Wassersportzentren. Zandvoort ist auch beliebt durch die gro\u00dfe Auswahl an Strandpavillons, wo man die Terrassen genie\u00dfen kann.<\/p>\n<h3>Gut zu wissen<\/h3>\n<p>In Dorfzentrum befindet sich eine Reinigung. Innerhalb 50 Meter von der Wohnung gibt es einen Fahrradverleih. Superm\u00e4rkte sind zu Fu\u00df erreichbar.<\/p>\n<p>M\u00f6chten Sie mal eine Holl\u00e4ndische Gro\u00dfstadt besuchen? St\u00e4dte Haarlem und Amsterdam sind mit Nahverkehrsmitteln innerhalb 10 (Haarlem) und 30 Minuten (Amsterdam) zu erreichen.<\/p>\n<p>Ueber die n\u00e4chsten Hyperlinks erfahren Sie mehr Interessante Sehensw\u00fcrdigkeiten:<\/p>\n<h5><a href=\"https:\/\/www.circuitzandvoort.nl\/\" target=\"_blank\" rel=\"noopener\">\u2022 Circuit Park Zandvoort<\/a><\/h5>\n<h5><a href=\"http:\/\/www.hollandcasino.nl\" target=\"_blank\" rel=\"noopener\">\u2022 Holland Casino<\/a><\/h5>\n<p>Das Holland Casino befindet sich innerhalb 3 Minuten Laufweg von der Wohnung.<\/p>\n<h5><a href=\"http:\/\/www.keukenhof.nl\" target=\"_blank\" rel=\"noopener\">\u2022 Keukenhof<\/a><\/h5>\n<p>Das farbenpr\u00e4chtige Bollenstreek und der Fr\u00fchlingspark De Keukenhof sind in unmittelbarer N\u00e4he.<\/p>\n<h5><a href=\"http:\/\/www.np-zuidkennemerland.nl\" target=\"_blank\" rel=\"noopener\">\u2022 Nationaal Park Zuid- Kennermerland<\/a><\/h5>\n<p>Ein einzigartiges Naturschutzgebiet, in dem Sie herrlich Wandern und Fahrradfahren k\u00f6nnen.<\/p>\n<h5><a href=\"https:\/\/awd.waternet.nl\/\" target=\"_blank\" rel=\"noopener\">\u2022 Amsterdamse Waterleidingduinen<\/a><\/h5>\n<p>Ein D\u00fcnengel\u00e4nde von ca. 3400 Ha. liegt zwischen Zandvoort und Noordwijk. Das wundersch\u00f6ne Gel\u00e4nde ist nur zug\u00e4nglich f\u00fcr Wanderer.<\/p>\n<h5>\u2022 Golfanlage Zandvoort<\/h5>\n<p>In Zandvoort finden Sie verschiedene Golfclubs sowie der <a href=\"https:\/\/kennemergolf.nl\" target=\"_blank\" rel=\"noopener\">Kennemer Golf &amp; Countruy Club<\/a> en <a href=\"http:\/\/www.opengolfzandvoort.nl\" target=\"_blank\" rel=\"noopener\">Open Golf Zandvoort<\/a>.<\/p>\n<h5>\u2022\u00a0<a href=\"http:\/\/www.haarlem.nl\" target=\"_blank\" rel=\"noopener\">Stadt Haarlem<\/a><\/h5>\n<p>Haarlem, reich an Kunst und Kultur, monumentalen Geb\u00e4uden und viele gem\u00fctliche Restaurants. Auch hier gibt es eine gro\u00dfe Gesch\u00e4ftsauswahl zum gem\u00fctlichen \u201aShoppen\u2018 gehen.<\/p>\n<h5>\u2022 <a href=\"http:\/\/www.amsterdam.nl\" target=\"_blank\" rel=\"noopener\">Stadt Amsterdam<\/a><\/h5>\n<p>Eine Stadt bekannt um seine Sehensw\u00fcrdigkeiten, sowie:<\/p>\n<p><a href=\"http:\/\/www.rijksmuseum.nl\" target=\"_blank\" rel=\"noopener\">Het Rijksmuseum<\/a><\/p>\n<p><a href=\"http:\/\/www.vangoghmuseum.nl\" target=\"_blank\" rel=\"noopener\">Van Gogh Museum<\/a><\/p>\n<p><a href=\"http:\/\/www.eyefilm.nl\" target=\"_blank\" rel=\"noopener\">Eye Film Instituut<\/a><\/p>\n<p><a href=\"http:\/\/www.annefrank.org\" target=\"_blank\" rel=\"noopener\">Anne Frank Museum<\/a><\/p>\n<h3>Erreichbarkeit<\/h3>\n<p>Die Erreichbarkeit ist hervorragend. Ueber verschiedene Zu-\/Anfahrt M\u00f6glichkeiten zu erreichen. Bahnhof Zandvoort liegt auf 250 Meter ( 5 Minuten zu Fu\u00df) . Der Abstand zum Flughafen Schiphol betr\u00e4gt 25 KM.<\/p>\n<\/div><\/div><\/div><\/div><\/div><\/p>\n","protected":false},"excerpt":{"rendered":"","protected":false},"author":1,"featured_media":0,"parent":0,"menu_order":0,"comment_status":"closed","ping_status":"closed","template":"","meta":{"footnotes":""},"class_list":["post-527","page","type-page","status-publish","hentry"],"yoast_head":"<!-- This site is optimized with the Yoast SEO plugin v27.3 - https:\/\/yoast.com\/product\/yoast-seo-wordpress\/ -->\n<title>Umgebung - Zeezicht Appartement Zandvoort<\/title>\n<meta name=\"robots\" content=\"index, follow, max-snippet:-1, max-image-preview:large, max-video-preview:-1\" \/>\n<link rel=\"canonical\" href=\"https:\/\/zeezichtappartementzandvoort.nl\/de\/umgebung\/\" \/>\n<meta property=\"og:locale\" content=\"de_DE\" \/>\n<meta property=\"og:type\" content=\"article\" \/>\n<meta property=\"og:title\" content=\"Umgebung - Zeezicht Appartement Zandvoort\" \/>\n<meta property=\"og:url\" content=\"https:\/\/zeezichtappartementzandvoort.nl\/de\/umgebung\/\" \/>\n<meta property=\"og:site_name\" content=\"Zeezicht Appartement Zandvoort\" \/>\n<meta property=\"article:modified_time\" content=\"2022-11-30T09:47:05+00:00\" \/>\n<meta name=\"twitter:card\" content=\"summary_large_image\" \/>\n<meta name=\"twitter:label1\" content=\"Gesch\u00e4tzte Lesezeit\" \/>\n\t<meta name=\"twitter:data1\" content=\"7\u00a0Minuten\" \/>\n<script type=\"application\/ld+json\" class=\"yoast-schema-graph\">{\"@context\":\"https:\\\/\\\/schema.org\",\"@graph\":[{\"@type\":\"WebPage\",\"@id\":\"https:\\\/\\\/zeezichtappartementzandvoort.nl\\\/de\\\/umgebung\\\/\",\"url\":\"https:\\\/\\\/zeezichtappartementzandvoort.nl\\\/de\\\/umgebung\\\/\",\"name\":\"Umgebung - Zeezicht Appartement Zandvoort\",\"isPartOf\":{\"@id\":\"https:\\\/\\\/zeezichtappartementzandvoort.nl\\\/#website\"},\"datePublished\":\"2013-06-27T11:46:08+00:00\",\"dateModified\":\"2022-11-30T09:47:05+00:00\",\"breadcrumb\":{\"@id\":\"https:\\\/\\\/zeezichtappartementzandvoort.nl\\\/de\\\/umgebung\\\/#breadcrumb\"},\"inLanguage\":\"de\",\"potentialAction\":[{\"@type\":\"ReadAction\",\"target\":[\"https:\\\/\\\/zeezichtappartementzandvoort.nl\\\/de\\\/umgebung\\\/\"]}]},{\"@type\":\"BreadcrumbList\",\"@id\":\"https:\\\/\\\/zeezichtappartementzandvoort.nl\\\/de\\\/umgebung\\\/#breadcrumb\",\"itemListElement\":[{\"@type\":\"ListItem\",\"position\":1,\"name\":\"Home\",\"item\":\"https:\\\/\\\/zeezichtappartementzandvoort.nl\\\/\"},{\"@type\":\"ListItem\",\"position\":2,\"name\":\"Umgebung\"}]},{\"@type\":\"WebSite\",\"@id\":\"https:\\\/\\\/zeezichtappartementzandvoort.nl\\\/#website\",\"url\":\"https:\\\/\\\/zeezichtappartementzandvoort.nl\\\/\",\"name\":\"Zeezicht Appartement Zandvoort\",\"description\":\"\",\"potentialAction\":[{\"@type\":\"SearchAction\",\"target\":{\"@type\":\"EntryPoint\",\"urlTemplate\":\"https:\\\/\\\/zeezichtappartementzandvoort.nl\\\/?s={search_term_string}\"},\"query-input\":{\"@type\":\"PropertyValueSpecification\",\"valueRequired\":true,\"valueName\":\"search_term_string\"}}],\"inLanguage\":\"de\"}]}<\/script>\n<!-- \/ Yoast SEO plugin. -->","yoast_head_json":{"title":"Umgebung - Zeezicht Appartement Zandvoort","robots":{"index":"index","follow":"follow","max-snippet":"max-snippet:-1","max-image-preview":"max-image-preview:large","max-video-preview":"max-video-preview:-1"},"canonical":"https:\/\/zeezichtappartementzandvoort.nl\/de\/umgebung\/","og_locale":"de_DE","og_type":"article","og_title":"Umgebung - Zeezicht Appartement Zandvoort","og_url":"https:\/\/zeezichtappartementzandvoort.nl\/de\/umgebung\/","og_site_name":"Zeezicht Appartement Zandvoort","article_modified_time":"2022-11-30T09:47:05+00:00","twitter_card":"summary_large_image","twitter_misc":{"Gesch\u00e4tzte Lesezeit":"7\u00a0Minuten"},"schema":{"@context":"https:\/\/schema.org","@graph":[{"@type":"WebPage","@id":"https:\/\/zeezichtappartementzandvoort.nl\/de\/umgebung\/","url":"https:\/\/zeezichtappartementzandvoort.nl\/de\/umgebung\/","name":"Umgebung - Zeezicht Appartement Zandvoort","isPartOf":{"@id":"https:\/\/zeezichtappartementzandvoort.nl\/#website"},"datePublished":"2013-06-27T11:46:08+00:00","dateModified":"2022-11-30T09:47:05+00:00","breadcrumb":{"@id":"https:\/\/zeezichtappartementzandvoort.nl\/de\/umgebung\/#breadcrumb"},"inLanguage":"de","potentialAction":[{"@type":"ReadAction","target":["https:\/\/zeezichtappartementzandvoort.nl\/de\/umgebung\/"]}]},{"@type":"BreadcrumbList","@id":"https:\/\/zeezichtappartementzandvoort.nl\/de\/umgebung\/#breadcrumb","itemListElement":[{"@type":"ListItem","position":1,"name":"Home","item":"https:\/\/zeezichtappartementzandvoort.nl\/"},{"@type":"ListItem","position":2,"name":"Umgebung"}]},{"@type":"WebSite","@id":"https:\/\/zeezichtappartementzandvoort.nl\/#website","url":"https:\/\/zeezichtappartementzandvoort.nl\/","name":"Zeezicht Appartement Zandvoort","description":"","potentialAction":[{"@type":"SearchAction","target":{"@type":"EntryPoint","urlTemplate":"https:\/\/zeezichtappartementzandvoort.nl\/?s={search_term_string}"},"query-input":{"@type":"PropertyValueSpecification","valueRequired":true,"valueName":"search_term_string"}}],"inLanguage":"de"}]}},"_links":{"self":[{"href":"https:\/\/zeezichtappartementzandvoort.nl\/de\/wp-json\/wp\/v2\/pages\/527","targetHints":{"allow":["GET"]}}],"collection":[{"href":"https:\/\/zeezichtappartementzandvoort.nl\/de\/wp-json\/wp\/v2\/pages"}],"about":[{"href":"https:\/\/zeezichtappartementzandvoort.nl\/de\/wp-json\/wp\/v2\/types\/page"}],"author":[{"embeddable":true,"href":"https:\/\/zeezichtappartementzandvoort.nl\/de\/wp-json\/wp\/v2\/users\/1"}],"replies":[{"embeddable":true,"href":"https:\/\/zeezichtappartementzandvoort.nl\/de\/wp-json\/wp\/v2\/comments?post=527"}],"version-history":[{"count":7,"href":"https:\/\/zeezichtappartementzandvoort.nl\/de\/wp-json\/wp\/v2\/pages\/527\/revisions"}],"predecessor-version":[{"id":2243,"href":"https:\/\/zeezichtappartementzandvoort.nl\/de\/wp-json\/wp\/v2\/pages\/527\/revisions\/2243"}],"wp:attachment":[{"href":"https:\/\/zeezichtappartementzandvoort.nl\/de\/wp-json\/wp\/v2\/media?parent=527"}],"curies":[{"name":"wp","href":"https:\/\/api.w.org\/{rel}","templated":true}]}}