{"id":2096,"date":"2022-11-23T12:54:41","date_gmt":"2022-11-23T11:54:41","guid":{"rendered":"https:\/\/zeezichtappartementzandvoort.nl\/?page_id=2096"},"modified":"2025-06-11T16:21:20","modified_gmt":"2025-06-11T15:21:20","slug":"home","status":"publish","type":"page","link":"https:\/\/zeezichtappartementzandvoort.nl\/de\/","title":{"rendered":"Home"},"content":{"rendered":"<p><div class=\"fusion-fullwidth fullwidth-box fusion-builder-row-1 fusion-flex-container has-pattern-background has-mask-background nonhundred-percent-fullwidth non-hundred-percent-height-scrolling\" style=\"--awb-border-radius-top-left:0px;--awb-border-radius-top-right:0px;--awb-border-radius-bottom-right:0px;--awb-border-radius-bottom-left:0px;--awb-margin-top:25px;--awb-margin-bottom:15px;--awb-flex-wrap:wrap;\" ><div class=\"fusion-builder-row fusion-row fusion-flex-align-items-flex-start fusion-flex-content-wrap\" style=\"max-width:1216.8px;margin-left: calc(-4% \/ 2 );margin-right: calc(-4% \/ 2 );\"><div class=\"fusion-layout-column fusion_builder_column fusion-builder-column-0 fusion_builder_column_1_1 1_1 fusion-flex-column\" style=\"--awb-bg-size:cover;--awb-width-large:100%;--awb-margin-top-large:0px;--awb-spacing-right-large:1.92%;--awb-margin-bottom-large:20px;--awb-spacing-left-large:1.92%;--awb-width-medium:100%;--awb-order-medium:0;--awb-spacing-right-medium:1.92%;--awb-spacing-left-medium:1.92%;--awb-width-small:100%;--awb-order-small:0;--awb-spacing-right-small:1.92%;--awb-spacing-left-small:1.92%;\"><div class=\"fusion-column-wrapper fusion-column-has-shadow fusion-flex-justify-content-flex-start fusion-content-layout-column\"><div class=\"fusion-image-element \" style=\"--awb-caption-title-font-family:var(--h2_typography-font-family);--awb-caption-title-font-weight:var(--h2_typography-font-weight);--awb-caption-title-font-style:var(--h2_typography-font-style);--awb-caption-title-size:var(--h2_typography-font-size);--awb-caption-title-transform:var(--h2_typography-text-transform);--awb-caption-title-line-height:var(--h2_typography-line-height);--awb-caption-title-letter-spacing:var(--h2_typography-letter-spacing);\"><span class=\" fusion-imageframe imageframe-none imageframe-1 hover-type-none\"><img decoding=\"async\" width=\"1200\" height=\"471\" title=\"homepage2\" src=\"https:\/\/zeezichtappartementzandvoort.nl\/wp-content\/uploads\/2022\/11\/homepage2.jpeg\" data-orig-src=\"https:\/\/zeezichtappartementzandvoort.nl\/wp-content\/uploads\/2022\/11\/homepage2.jpeg\" alt class=\"lazyload img-responsive wp-image-2077\" srcset=\"data:image\/svg+xml,%3Csvg%20xmlns%3D%27http%3A%2F%2Fwww.w3.org%2F2000%2Fsvg%27%20width%3D%271200%27%20height%3D%27471%27%20viewBox%3D%270%200%201200%20471%27%3E%3Crect%20width%3D%271200%27%20height%3D%27471%27%20fill-opacity%3D%220%22%2F%3E%3C%2Fsvg%3E\" data-srcset=\"https:\/\/zeezichtappartementzandvoort.nl\/wp-content\/uploads\/2022\/11\/homepage2-200x79.jpeg 200w, https:\/\/zeezichtappartementzandvoort.nl\/wp-content\/uploads\/2022\/11\/homepage2-400x157.jpeg 400w, https:\/\/zeezichtappartementzandvoort.nl\/wp-content\/uploads\/2022\/11\/homepage2-600x236.jpeg 600w, https:\/\/zeezichtappartementzandvoort.nl\/wp-content\/uploads\/2022\/11\/homepage2-800x314.jpeg 800w, https:\/\/zeezichtappartementzandvoort.nl\/wp-content\/uploads\/2022\/11\/homepage2.jpeg 1200w\" data-sizes=\"auto\" data-orig-sizes=\"(max-width: 1024px) 100vw, (max-width: 640px) 100vw, 1200px\" \/><\/span><\/div><\/div><\/div><\/div><\/div><div class=\"fusion-fullwidth fullwidth-box fusion-builder-row-2 fusion-flex-container has-pattern-background has-mask-background nonhundred-percent-fullwidth non-hundred-percent-height-scrolling\" style=\"--awb-background-position:left top;--awb-border-sizes-top:0px;--awb-border-sizes-bottom:0px;--awb-border-sizes-left:0px;--awb-border-sizes-right:0px;--awb-border-radius-top-left:0px;--awb-border-radius-top-right:0px;--awb-border-radius-bottom-right:0px;--awb-border-radius-bottom-left:0px;--awb-padding-top:0px;--awb-padding-bottom:0px;--awb-flex-wrap:wrap;\" ><div class=\"fusion-builder-row fusion-row fusion-flex-align-items-stretch fusion-flex-content-wrap\" style=\"max-width:calc( 1170px + 0px );margin-left: calc(-0px \/ 2 );margin-right: calc(-0px \/ 2 );\"><div class=\"fusion-layout-column fusion_builder_column fusion-builder-column-1 fusion_builder_column_1_1 1_1 fusion-flex-column\" style=\"--awb-padding-right:80px;--awb-bg-position:right bottom;--awb-bg-blend:overlay;--awb-bg-size:cover;--awb-width-large:100%;--awb-margin-top-large:0px;--awb-spacing-right-large:0px;--awb-margin-bottom-large:20px;--awb-spacing-left-large:0px;--awb-width-medium:100%;--awb-spacing-right-medium:0px;--awb-margin-bottom-medium:0px;--awb-spacing-left-medium:0px;--awb-width-small:100%;--awb-spacing-right-small:0px;--awb-spacing-left-small:0px;\"><div class=\"fusion-column-wrapper fusion-flex-justify-content-flex-start fusion-content-layout-column\"><div class=\"fusion-title title fusion-title-1 fusion-title-text fusion-title-size-two\" style=\"--awb-margin-bottom:0px;--awb-margin-bottom-small:0px;--awb-margin-bottom-medium:0px;--awb-font-size:var(--awb-typography2-font-size);\"><div class=\"title-sep-container title-sep-container-left fusion-no-large-visibility fusion-no-medium-visibility fusion-no-small-visibility\"><div class=\"title-sep sep- sep-solid\" style=\"border-color:var(--awb-color3);\"><\/div><\/div><span class=\"awb-title-spacer fusion-no-large-visibility fusion-no-medium-visibility fusion-no-small-visibility\"><\/span><h2 class=\"fusion-title-heading title-heading-left fusion-responsive-typography-calculated\" style=\"font-family:var(--awb-typography2-font-family);font-weight:var(--awb-typography2-font-weight);font-style:var(--awb-typography2-font-style);margin:0;letter-spacing:var(--awb-typography2-letter-spacing);text-transform:var(--awb-typography2-text-transform);font-size:1em;--fontSize:13;--minFontSize:13;line-height:var(--awb-typography2-line-height);\">WILKOMMEN BEI STRANDAPPARTEMENT ZANDVOORT<\/h2><span class=\"awb-title-spacer\"><\/span><div class=\"title-sep-container title-sep-container-right\"><div class=\"title-sep sep- sep-solid\" style=\"border-color:var(--awb-color3);\"><\/div><\/div><\/div><div class=\"fusion-title title fusion-title-2 fusion-title-text fusion-title-size-three\" style=\"--awb-margin-bottom-small:15px;--awb-font-size:46px;\"><div class=\"title-sep-container title-sep-container-left fusion-no-large-visibility fusion-no-medium-visibility fusion-no-small-visibility\"><div class=\"title-sep sep- sep-solid\" style=\"border-color:var(--awb-color3);\"><\/div><\/div><span class=\"awb-title-spacer fusion-no-large-visibility fusion-no-medium-visibility fusion-no-small-visibility\"><\/span><h3 class=\"fusion-title-heading title-heading-left fusion-responsive-typography-calculated\" style=\"margin:0;font-size:1em;--fontSize:46;line-height:2;\">Sonne\u00a0 \u00a0Meer\u00a0 \u00a0Wind\u00a0 \u00a0Strand<\/h3><span class=\"awb-title-spacer\"><\/span><div class=\"title-sep-container title-sep-container-right\"><div class=\"title-sep sep- sep-solid\" style=\"border-color:var(--awb-color3);\"><\/div><\/div><\/div><div class=\"fusion-separator\" style=\"align-self: flex-start;margin-right:auto;margin-top:0px;margin-bottom:20px;width:100%;max-width:50px;\"><div class=\"fusion-separator-border sep-single sep-solid\" style=\"--awb-height:20px;--awb-amount:20px;--awb-sep-color:var(--awb-color4);border-color:var(--awb-color4);border-top-width:1px;\"><\/div><\/div><div class=\"fusion-text fusion-text-1\"><p>Apartment mit Meerblick in ZandvoortM\u00f6chten Sie einen aktiven Urlaub oder m\u00f6chten Sie lieber v\u00f6llig entspannen? Beides ist w\u00e4hrend Ihres Aufenthalts im Zeezicht Apartment Zandvoort m\u00f6glich.<\/p>\n<p>Wir bieten eine 2-Zimmer-Wohnung mit Balkon in wundersch\u00f6ner und einzigartiger Lage zur Miete an. Das attraktive Apartment verf\u00fcgt \u00fcber einen atemberaubenden Blick auf das Meer und den Strand und befindet sich im vierten Stock.<\/p>\n<p>Die Wohnung befindet sich in Zandvoort, dem Badeort schlechthin.<\/p>\n<\/div><div class=\"fusion-text fusion-text-2\"><p>Zandvoort zeichnet sich durch eine wundersch\u00f6ne Natur aus und ist auf der einen Seite vom Nationalpark Zuid-Kennemerland und auf der anderen Seite von den D\u00fcnen umgeben.<\/p>\n<p>Im Zeezicht Appartement Zandvoort sind Sie am richtigen Ort, um das Meer, die gem\u00fctlichen Strandpavillons und die vielen Sehensw\u00fcrdigkeiten in der Umgebung zu genie\u00dfen. Gleichzeitig sind alle erdenklichen Einrichtungen und Annehmlichkeiten bequem zu erreichen!<\/p>\n<p>Weitere Informationen und Optionen finden Sie auf unserer Website.<\/p>\n<\/div><\/div><\/div><\/div><\/div><div class=\"fusion-fullwidth fullwidth-box fusion-builder-row-3 fusion-flex-container has-pattern-background has-mask-background hundred-percent-fullwidth non-hundred-percent-height-scrolling\" style=\"--awb-border-radius-top-left:0px;--awb-border-radius-top-right:0px;--awb-border-radius-bottom-right:0px;--awb-border-radius-bottom-left:0px;--awb-overflow:visible;--awb-flex-wrap:wrap;\" ><div class=\"fusion-builder-row fusion-row fusion-flex-align-items-flex-start fusion-flex-content-wrap\" style=\"width:calc( 100% + 0px ) !important;max-width:calc( 100% + 0px ) !important;margin-left: calc(-0px \/ 2 );margin-right: calc(-0px \/ 2 );\"><div class=\"fusion-layout-column fusion_builder_column fusion-builder-column-2 fusion_builder_column_1_1 1_1 fusion-flex-column fusion-flex-align-self-flex-start fusion-column-no-min-height\" style=\"--awb-bg-blend:overlay;--awb-bg-size:cover;--awb-width-large:100%;--awb-margin-top-large:0px;--awb-spacing-right-large:0px;--awb-margin-bottom-large:0px;--awb-spacing-left-large:0px;--awb-width-medium:100%;--awb-spacing-right-medium:0px;--awb-spacing-left-medium:0px;--awb-width-small:100%;--awb-spacing-right-small:0px;--awb-spacing-left-small:0px;\"><div class=\"fusion-column-wrapper fusion-flex-justify-content-flex-start fusion-content-layout-column\"><div class=\"fusion-separator fusion-full-width-sep\" style=\"align-self: center;margin-left: auto;margin-right: auto;width:100%;\"><\/div><div class=\"fusion-text fusion-text-3\"><p>Unsere Registrierungsnummer: 0473 5DBD 43CF AB15 8861<\/p>\n<\/div><\/div><\/div><\/div><\/div><\/p>\n","protected":false},"excerpt":{"rendered":"","protected":false},"author":1,"featured_media":0,"parent":0,"menu_order":0,"comment_status":"open","ping_status":"closed","template":"100-width.php","meta":{"footnotes":""},"class_list":["post-2096","page","type-page","status-publish","hentry"],"yoast_head":"<!-- This site is optimized with the Yoast SEO plugin v27.3 - https:\/\/yoast.com\/product\/yoast-seo-wordpress\/ -->\n<title>Home - Zeezicht Appartement Zandvoort<\/title>\n<meta name=\"robots\" content=\"index, follow, max-snippet:-1, max-image-preview:large, max-video-preview:-1\" \/>\n<link rel=\"canonical\" href=\"https:\/\/zeezichtappartementzandvoort.nl\/\" \/>\n<meta property=\"og:locale\" content=\"de_DE\" \/>\n<meta property=\"og:type\" content=\"article\" \/>\n<meta property=\"og:title\" content=\"Home - Zeezicht Appartement Zandvoort\" \/>\n<meta property=\"og:url\" content=\"https:\/\/zeezichtappartementzandvoort.nl\/\" \/>\n<meta property=\"og:site_name\" content=\"Zeezicht Appartement Zandvoort\" \/>\n<meta property=\"article:modified_time\" content=\"2025-06-11T15:21:20+00:00\" \/>\n<meta name=\"twitter:card\" content=\"summary_large_image\" \/>\n<meta name=\"twitter:label1\" content=\"Gesch\u00e4tzte Lesezeit\" \/>\n\t<meta name=\"twitter:data1\" content=\"13\u00a0Minuten\" \/>\n<script type=\"application\/ld+json\" class=\"yoast-schema-graph\">{\"@context\":\"https:\\\/\\\/schema.org\",\"@graph\":[{\"@type\":\"WebPage\",\"@id\":\"https:\\\/\\\/zeezichtappartementzandvoort.nl\\\/\",\"url\":\"https:\\\/\\\/zeezichtappartementzandvoort.nl\\\/\",\"name\":\"Home - Zeezicht Appartement Zandvoort\",\"isPartOf\":{\"@id\":\"https:\\\/\\\/zeezichtappartementzandvoort.nl\\\/#website\"},\"datePublished\":\"2022-11-23T11:54:41+00:00\",\"dateModified\":\"2025-06-11T15:21:20+00:00\",\"breadcrumb\":{\"@id\":\"https:\\\/\\\/zeezichtappartementzandvoort.nl\\\/#breadcrumb\"},\"inLanguage\":\"de\",\"potentialAction\":[{\"@type\":\"ReadAction\",\"target\":[\"https:\\\/\\\/zeezichtappartementzandvoort.nl\\\/\"]}]},{\"@type\":\"BreadcrumbList\",\"@id\":\"https:\\\/\\\/zeezichtappartementzandvoort.nl\\\/#breadcrumb\",\"itemListElement\":[{\"@type\":\"ListItem\",\"position\":1,\"name\":\"Home\",\"item\":\"https:\\\/\\\/zeezichtappartementzandvoort.nl\\\/\"},{\"@type\":\"ListItem\",\"position\":2,\"name\":\"Home\"}]},{\"@type\":\"WebSite\",\"@id\":\"https:\\\/\\\/zeezichtappartementzandvoort.nl\\\/#website\",\"url\":\"https:\\\/\\\/zeezichtappartementzandvoort.nl\\\/\",\"name\":\"Zeezicht Appartement Zandvoort\",\"description\":\"\",\"potentialAction\":[{\"@type\":\"SearchAction\",\"target\":{\"@type\":\"EntryPoint\",\"urlTemplate\":\"https:\\\/\\\/zeezichtappartementzandvoort.nl\\\/?s={search_term_string}\"},\"query-input\":{\"@type\":\"PropertyValueSpecification\",\"valueRequired\":true,\"valueName\":\"search_term_string\"}}],\"inLanguage\":\"de\"}]}<\/script>\n<!-- \/ Yoast SEO plugin. -->","yoast_head_json":{"title":"Home - Zeezicht Appartement Zandvoort","robots":{"index":"index","follow":"follow","max-snippet":"max-snippet:-1","max-image-preview":"max-image-preview:large","max-video-preview":"max-video-preview:-1"},"canonical":"https:\/\/zeezichtappartementzandvoort.nl\/","og_locale":"de_DE","og_type":"article","og_title":"Home - Zeezicht Appartement Zandvoort","og_url":"https:\/\/zeezichtappartementzandvoort.nl\/","og_site_name":"Zeezicht Appartement Zandvoort","article_modified_time":"2025-06-11T15:21:20+00:00","twitter_card":"summary_large_image","twitter_misc":{"Gesch\u00e4tzte Lesezeit":"13\u00a0Minuten"},"schema":{"@context":"https:\/\/schema.org","@graph":[{"@type":"WebPage","@id":"https:\/\/zeezichtappartementzandvoort.nl\/","url":"https:\/\/zeezichtappartementzandvoort.nl\/","name":"Home - Zeezicht Appartement Zandvoort","isPartOf":{"@id":"https:\/\/zeezichtappartementzandvoort.nl\/#website"},"datePublished":"2022-11-23T11:54:41+00:00","dateModified":"2025-06-11T15:21:20+00:00","breadcrumb":{"@id":"https:\/\/zeezichtappartementzandvoort.nl\/#breadcrumb"},"inLanguage":"de","potentialAction":[{"@type":"ReadAction","target":["https:\/\/zeezichtappartementzandvoort.nl\/"]}]},{"@type":"BreadcrumbList","@id":"https:\/\/zeezichtappartementzandvoort.nl\/#breadcrumb","itemListElement":[{"@type":"ListItem","position":1,"name":"Home","item":"https:\/\/zeezichtappartementzandvoort.nl\/"},{"@type":"ListItem","position":2,"name":"Home"}]},{"@type":"WebSite","@id":"https:\/\/zeezichtappartementzandvoort.nl\/#website","url":"https:\/\/zeezichtappartementzandvoort.nl\/","name":"Zeezicht Appartement Zandvoort","description":"","potentialAction":[{"@type":"SearchAction","target":{"@type":"EntryPoint","urlTemplate":"https:\/\/zeezichtappartementzandvoort.nl\/?s={search_term_string}"},"query-input":{"@type":"PropertyValueSpecification","valueRequired":true,"valueName":"search_term_string"}}],"inLanguage":"de"}]}},"_links":{"self":[{"href":"https:\/\/zeezichtappartementzandvoort.nl\/de\/wp-json\/wp\/v2\/pages\/2096","targetHints":{"allow":["GET"]}}],"collection":[{"href":"https:\/\/zeezichtappartementzandvoort.nl\/de\/wp-json\/wp\/v2\/pages"}],"about":[{"href":"https:\/\/zeezichtappartementzandvoort.nl\/de\/wp-json\/wp\/v2\/types\/page"}],"author":[{"embeddable":true,"href":"https:\/\/zeezichtappartementzandvoort.nl\/de\/wp-json\/wp\/v2\/users\/1"}],"replies":[{"embeddable":true,"href":"https:\/\/zeezichtappartementzandvoort.nl\/de\/wp-json\/wp\/v2\/comments?post=2096"}],"version-history":[{"count":13,"href":"https:\/\/zeezichtappartementzandvoort.nl\/de\/wp-json\/wp\/v2\/pages\/2096\/revisions"}],"predecessor-version":[{"id":2330,"href":"https:\/\/zeezichtappartementzandvoort.nl\/de\/wp-json\/wp\/v2\/pages\/2096\/revisions\/2330"}],"wp:attachment":[{"href":"https:\/\/zeezichtappartementzandvoort.nl\/de\/wp-json\/wp\/v2\/media?parent=2096"}],"curies":[{"name":"wp","href":"https:\/\/api.w.org\/{rel}","templated":true}]}}